{"id":2626,"date":"2021-02-23T08:57:04","date_gmt":"2021-02-23T08:57:04","guid":{"rendered":"https:\/\/fundacioniftl.org\/?page_id=2626"},"modified":"2025-07-22T09:03:47","modified_gmt":"2025-07-22T09:03:47","slug":"fundacio-iftl-building-visions","status":"publish","type":"page","link":"https:\/\/fundacioniftl.org\/ca\/fundacio-iftl-building-visions\/","title":{"rendered":"FUNDACI\u00d3 IFTL &#8211; BUILDING VISIONS"},"content":{"rendered":"<p><div class=\"fusion-fullwidth fullwidth-box fusion-builder-row-1 fusion-flex-container nonhundred-percent-fullwidth non-hundred-percent-height-scrolling\" style=\"--link_hover_color: #a30000;--awb-background-position:left top;--awb-border-sizes-top:0px;--awb-border-sizes-bottom:0px;--awb-border-sizes-left:0px;--awb-border-sizes-right:0px;--awb-border-radius-top-left:0px;--awb-border-radius-top-right:0px;--awb-border-radius-bottom-right:0px;--awb-border-radius-bottom-left:0px;--awb-padding-top:50px;--awb-padding-bottom:50px;--awb-background-color:#a30000;--awb-flex-wrap:wrap;\" ><div class=\"fusion-builder-row fusion-row fusion-flex-align-items-flex-start fusion-flex-content-wrap\" style=\"max-width:calc( 1170px + 0px );margin-left: calc(-0px \/ 2 );margin-right: calc(-0px \/ 2 );\"><div class=\"fusion-layout-column fusion_builder_column fusion-builder-column-0 fusion_builder_column_1_1 1_1 fusion-flex-column\" style=\"--awb-bg-size:cover;--awb-width-large:100%;--awb-margin-top-large:0px;--awb-spacing-right-large:0px;--awb-margin-bottom-large:0px;--awb-spacing-left-large:0px;--awb-width-medium:100%;--awb-spacing-right-medium:0px;--awb-spacing-left-medium:0px;--awb-width-small:100%;--awb-spacing-right-small:0px;--awb-spacing-left-small:0px;\"><div class=\"fusion-column-wrapper fusion-flex-justify-content-flex-start fusion-content-layout-column\"><div class=\"fusion-text fusion-text-1\"><h2 class=\"\" style=\"font-weight: 300; text-align: center; --fontsize: 32; line-height: 1.31; color: #ffffff;\" data-fontsize=\"32\" data-lineheight=\"41.92px\">Constru\u00efm Visions<\/h2>\n<\/div><\/div><\/div><\/div><\/div><div class=\"fusion-fullwidth fullwidth-box fusion-builder-row-2 fusion-flex-container mass-responsive-section nonhundred-percent-fullwidth non-hundred-percent-height-scrolling\" style=\"--awb-background-position:left top;--awb-border-sizes-top:0px;--awb-border-sizes-bottom:0px;--awb-border-sizes-left:0px;--awb-border-sizes-right:0px;--awb-border-radius-top-left:0px;--awb-border-radius-top-right:0px;--awb-border-radius-bottom-right:0px;--awb-border-radius-bottom-left:0px;--awb-padding-top:3%;--awb-padding-bottom:0px;--awb-flex-wrap:wrap;\" id=\"section1\" ><div class=\"fusion-builder-row fusion-row fusion-flex-align-items-flex-start fusion-flex-content-wrap\" style=\"max-width:calc( 1170px + 0px );margin-left: calc(-0px \/ 2 );margin-right: calc(-0px \/ 2 );\"><div class=\"fusion-layout-column fusion_builder_column fusion-builder-column-1 fusion_builder_column_1_1 1_1 fusion-flex-column mass-intro\" style=\"--awb-padding-right:15%;--awb-padding-left:15%;--awb-padding-right-medium:60px;--awb-padding-left-medium:60px;--awb-padding-right-small:40px;--awb-padding-left-small:40px;--awb-bg-size:cover;--awb-width-large:100%;--awb-margin-top-large:42px;--awb-spacing-right-large:0px;--awb-margin-bottom-large:20px;--awb-spacing-left-large:0px;--awb-width-medium:100%;--awb-spacing-right-medium:0px;--awb-spacing-left-medium:0px;--awb-width-small:100%;--awb-spacing-right-small:0px;--awb-spacing-left-small:0px;\"><div class=\"fusion-column-wrapper fusion-flex-justify-content-flex-start fusion-content-layout-column\"><div class=\"fusion-title title fusion-title-1 fusion-sep-none fusion-title-center fusion-title-text fusion-title-size-two\" style=\"--awb-margin-bottom-small:10px;--awb-font-size:45px;\"><h2 class=\"fusion-title-heading title-heading-center fusion-responsive-typography-calculated\" style=\"margin:0;font-size:1em;text-transform:none;--fontSize:45;line-height:1.31;\"><strong>BUILDING VISIONS<\/strong><\/h2><\/div><div class=\"fusion-title title fusion-title-2 fusion-sep-none fusion-title-center fusion-title-text fusion-title-size-two\" style=\"--awb-margin-bottom-small:10px;\"><h2 class=\"fusion-title-heading title-heading-center fusion-responsive-typography-calculated\" style=\"margin:0;text-transform:none;--fontSize:32;line-height:1.31;\">Visions per un nou futur<\/h2><\/div><div class=\"fusion-separator\" style=\"align-self: center;margin-left: auto;margin-right: auto;margin-top:0px;margin-bottom:30px;width:100%;max-width:206px;\"><div class=\"fusion-separator-border sep-single sep-solid\" style=\"--awb-height:20px;--awb-amount:20px;--awb-sep-color:#a30000;border-color:#a30000;border-top-width:2px;\"><\/div><\/div><div class=\"fusion-text fusion-text-2\"><p style=\"text-align: center;\"><strong>Building Visions<\/strong> representa la nostra ambici\u00f3 aspiracional de construir visions de futur que contribueixin a la presa de consci\u00e8ncia dels individus i de la societat per al comprom\u00eds de la creaci\u00f3 d\u2019un futur sostenible i m\u00e9s inclusiu.<\/p>\n<\/div><\/div><\/div><\/div><\/div><div class=\"fusion-fullwidth fullwidth-box fusion-builder-row-3 fusion-flex-container nonhundred-percent-fullwidth non-hundred-percent-height-scrolling\" style=\"--awb-border-radius-top-left:0px;--awb-border-radius-top-right:0px;--awb-border-radius-bottom-right:0px;--awb-border-radius-bottom-left:0px;--awb-padding-top:74px;--awb-padding-bottom:75px;--awb-padding-left:49px;--awb-margin-bottom:0px;--awb-flex-wrap:wrap;\" ><div class=\"fusion-builder-row fusion-row fusion-flex-align-items-flex-start fusion-flex-content-wrap\" style=\"max-width:1216.8px;margin-left: calc(-4% \/ 2 );margin-right: calc(-4% \/ 2 );\"><div class=\"fusion-layout-column fusion_builder_column fusion-builder-column-2 fusion_builder_column_1_1 1_1 fusion-flex-column\" style=\"--awb-bg-size:cover;--awb-width-large:100%;--awb-margin-top-large:0px;--awb-spacing-right-large:1.92%;--awb-margin-bottom-large:0px;--awb-spacing-left-large:1.92%;--awb-width-medium:100%;--awb-order-medium:0;--awb-spacing-right-medium:1.92%;--awb-spacing-left-medium:1.92%;--awb-width-small:100%;--awb-order-small:0;--awb-spacing-right-small:1.92%;--awb-spacing-left-small:1.92%;\"><div class=\"fusion-column-wrapper fusion-column-has-shadow fusion-flex-justify-content-flex-start fusion-content-layout-column\"><div class=\"fusion-blog-shortcode fusion-blog-shortcode-1 fusion-blog-archive fusion-blog-layout-medium fusion-blog-infinite\"><div class=\"fusion-posts-container fusion-posts-container-infinite fusion-blog-rollover\" data-pages=\"1\"><article id=\"blog-1-post-2841\" class=\"fusion-post-medium post-2841 post type-post status-publish format-standard has-post-thumbnail hentry category-sense-categoria tag-unitec\">\n\t<style type=\"text\/css\">\n\t\t\n\t\t\n\t\t\n\t\t\n\t\t\t<\/style>\n\n\n\t\t\t<div class=\"fusion-flexslider flexslider fusion-flexslider-loading fusion-post-slideshow\" style=\"\">\n\t\t<ul class=\"slides\">\n\t\t\t\n\t\t\t\t\t\t\t\t\t\t\t\t\t\t<li><div  class=\"fusion-image-wrapper fusion-image-size-fixed\" aria-haspopup=\"true\">\n\t\t\t\t<img decoding=\"async\" width=\"320\" height=\"202\" src=\"https:\/\/fundacioniftl.org\/wp-content\/uploads\/2020\/07\/Conferencia-Un-nuevo-Liderazgo-UNITEC-320x202.jpg\" class=\"attachment-blog-medium size-blog-medium lazyload wp-post-image\" alt=\"\" srcset=\"data:image\/svg+xml,%3Csvg%20xmlns%3D%27http%3A%2F%2Fwww.w3.org%2F2000%2Fsvg%27%20width%3D%27850%27%20height%3D%27835%27%20viewBox%3D%270%200%20850%20835%27%3E%3Crect%20width%3D%27850%27%20height%3D%27835%27%20fill-opacity%3D%220%22%2F%3E%3C%2Fsvg%3E\" data-orig-src=\"https:\/\/fundacioniftl.org\/wp-content\/uploads\/2020\/07\/Conferencia-Un-nuevo-Liderazgo-UNITEC-320x202.jpg\" data-srcset=\"https:\/\/fundacioniftl.org\/wp-content\/uploads\/2020\/07\/Conferencia-Un-nuevo-Liderazgo-UNITEC-320x202.jpg 320w, https:\/\/fundacioniftl.org\/wp-content\/uploads\/2020\/07\/Conferencia-Un-nuevo-Liderazgo-UNITEC-700x441.jpg 700w\" data-sizes=\"auto\" \/><div class=\"fusion-rollover\">\n\t<div class=\"fusion-rollover-content\">\n\n\t\t\t\t\t\t\t\t\t\t\t\t\t\t<a class=\"fusion-rollover-link\" href=\"https:\/\/fundacioniftl.org\/ca\/2021\/02\/23\/conferencia-un-nou-lideratge-unitec\/\">Confer\u00e8ncia \u201cUn nou Lideratge\u201d &#8211; UNITEC<\/a>\n\t\t\t\n\t\t\t\t\t\t\t\t\n\t\t\n\t\t\t\t\t\t\t\t\t\t\t\t<h4 class=\"fusion-rollover-title\">\n\t\t\t\t\t<a class=\"fusion-rollover-title-link\" href=\"https:\/\/fundacioniftl.org\/ca\/2021\/02\/23\/conferencia-un-nou-lideratge-unitec\/\">\n\t\t\t\t\t\tConfer\u00e8ncia \u201cUn nou Lideratge\u201d &#8211; UNITEC\t\t\t\t\t<\/a>\n\t\t\t\t<\/h4>\n\t\t\t\n\t\t\t\t\t\t\t\t\t\t<div class=\"fusion-rollover-categories\"><a href=\"https:\/\/fundacioniftl.org\/ca\/category\/sense-categoria\/\" rel=\"tag\">Sense categoria<\/a><\/div>\t\t\t\t\t\n\t\t\n\t\t\t\t\t\t<a class=\"fusion-link-wrapper\" href=\"https:\/\/fundacioniftl.org\/ca\/2021\/02\/23\/conferencia-un-nou-lideratge-unitec\/\" aria-label=\"Confer\u00e8ncia \u201cUn nou Lideratge\u201d &#8211; UNITEC\"><\/a>\n\t<\/div>\n<\/div>\n<\/div>\n<\/li>\n\t\t\t\n\t\t\t\n\t\t\t\t\t\t\t\t\t\t\t\t\t\t\t\t\t\t\t\t\t\t\t\t\t\t\t\t\t\t\t\t\t\t\t\t\t\t\t\t\t\t\t\t\t\t\t\t\t\t\t\t\t\t\t\t\t\t\t\t\t\t\t\t\t\t\t\t<\/ul>\n\t<\/div>\n\t<div class=\"fusion-post-content post-content\"><h2 class=\"blog-shortcode-post-title entry-title\"><a href=\"https:\/\/fundacioniftl.org\/ca\/2021\/02\/23\/conferencia-un-nou-lideratge-unitec\/\">Confer\u00e8ncia \u201cUn nou Lideratge\u201d &#8211; UNITEC<\/a><\/h2><div class=\"fusion-post-content-container\"><p>Confer\u00e8ncia \u201cUn nou Lideratge\u201d - UNITEC  El 19 de Gener de 2021 el Dr. Rub\u00e9n\u00a0Llop\u00a0va participar en el Congr\u00e9s Internacional Empresarial organitzat per la Universitat Tecnol\u00f2gica Centreamericana. Al costat de\u00a0Ofelia\u00a0Santiago i Luc\u00eda Gallardo, el [...]<\/p><\/div><\/div><div class=\"fusion-clearfix\"><\/div><div class=\"fusion-meta-info\"><div class=\"fusion-alignleft\"><span class=\"vcard\" style=\"display: none;\"><span class=\"fn\"><a href=\"https:\/\/fundacioniftl.org\/ca\/author\/iftladmin2020\/\" title=\"Entrades de IFTLAdmin2020\" rel=\"author\">IFTLAdmin2020<\/a><\/span><\/span><span class=\"updated\" style=\"display:none;\">2021-02-23T17:42:33+00:00<\/span><span>febrer 23rd, 2021<\/span><span class=\"fusion-inline-sep\">|<\/span>Categories: <a href=\"https:\/\/fundacioniftl.org\/ca\/category\/sense-categoria\/\" rel=\"category tag\">Sense categoria<\/a><span class=\"fusion-inline-sep\">|<\/span><span class=\"meta-tags\">Tags: <a href=\"https:\/\/fundacioniftl.org\/ca\/tag\/unitec\/\" rel=\"tag\">UNITEC<\/a><\/span><span class=\"fusion-inline-sep\">|<\/span><\/div><div class=\"fusion-alignright\"><a class=\"fusion-read-more\" href=\"https:\/\/fundacioniftl.org\/ca\/2021\/02\/23\/conferencia-un-nou-lideratge-unitec\/\" aria-label=\"More on Confer\u00e8ncia \u201cUn nou Lideratge\u201d &#8211; UNITEC\">Read More<\/a><\/div><\/div><\/article>\n<article id=\"blog-1-post-2835\" class=\"fusion-post-medium post-2835 post type-post status-publish format-standard has-post-thumbnail hentry category-sense-categoria tag-vii-s2b-impact-forum-ca\">\n\t<style type=\"text\/css\">\n\t\t\n\t\t\n\t\t\n\t\t\n\t\t\t<\/style>\n\n\n\t\t\t<div class=\"fusion-flexslider flexslider fusion-flexslider-loading fusion-post-slideshow\" style=\"\">\n\t\t<ul class=\"slides\">\n\t\t\t\n\t\t\t\t\t\t\t\t\t\t\t\t\t\t<li><div  class=\"fusion-image-wrapper fusion-image-size-fixed\" aria-haspopup=\"true\">\n\t\t\t\t<img decoding=\"async\" width=\"320\" height=\"202\" src=\"data:image\/svg+xml,%3Csvg%20xmlns%3D%27http%3A%2F%2Fwww.w3.org%2F2000%2Fsvg%27%20width%3D%27800%27%20height%3D%27400%27%20viewBox%3D%270%200%20800%20400%27%3E%3Crect%20width%3D%27800%27%20height%3D%27400%27%20fill-opacity%3D%220%22%2F%3E%3C%2Fsvg%3E\" class=\"attachment-blog-medium size-blog-medium lazyload wp-post-image\" alt=\"\" data-orig-src=\"https:\/\/fundacioniftl.org\/wp-content\/uploads\/2020\/11\/BLOG_IF.2020-320x202.jpg\" \/><div class=\"fusion-rollover\">\n\t<div class=\"fusion-rollover-content\">\n\n\t\t\t\t\t\t\t\t\t\t\t\t\t\t<a class=\"fusion-rollover-link\" href=\"https:\/\/fundacioniftl.org\/ca\/2021\/02\/23\/vii-s2b-impact-forum\/\">VII S2B IMPACT FORUM<\/a>\n\t\t\t\n\t\t\t\t\t\t\t\t\n\t\t\n\t\t\t\t\t\t\t\t\t\t\t\t<h4 class=\"fusion-rollover-title\">\n\t\t\t\t\t<a class=\"fusion-rollover-title-link\" href=\"https:\/\/fundacioniftl.org\/ca\/2021\/02\/23\/vii-s2b-impact-forum\/\">\n\t\t\t\t\t\tVII S2B IMPACT FORUM\t\t\t\t\t<\/a>\n\t\t\t\t<\/h4>\n\t\t\t\n\t\t\t\t\t\t\t\t\t\t<div class=\"fusion-rollover-categories\"><a href=\"https:\/\/fundacioniftl.org\/ca\/category\/sense-categoria\/\" rel=\"tag\">Sense categoria<\/a><\/div>\t\t\t\t\t\n\t\t\n\t\t\t\t\t\t<a class=\"fusion-link-wrapper\" href=\"https:\/\/fundacioniftl.org\/ca\/2021\/02\/23\/vii-s2b-impact-forum\/\" aria-label=\"VII S2B IMPACT FORUM\"><\/a>\n\t<\/div>\n<\/div>\n<\/div>\n<\/li>\n\t\t\t\n\t\t\t\n\t\t\t\t\t\t\t\t\t\t\t\t\t\t\t\t\t\t\t\t\t\t\t\t\t\t\t\t\t\t\t\t\t\t\t\t\t\t\t\t\t\t\t\t\t\t\t\t\t\t\t\t\t\t\t\t\t\t\t\t\t\t\t\t\t\t\t\t<\/ul>\n\t<\/div>\n\t<div class=\"fusion-post-content post-content\"><h2 class=\"blog-shortcode-post-title entry-title\"><a href=\"https:\/\/fundacioniftl.org\/ca\/2021\/02\/23\/vii-s2b-impact-forum\/\">VII S2B IMPACT FORUM<\/a><\/h2><div class=\"fusion-post-content-container\"><p> El congr\u00e9s de refer\u00e8ncia en Economia d'Impacte  El S2B Impact Forum reuneix els agents de l'ecosistema, buscant connectar la seva comunitat, inspirar a trav\u00e9s de temes clau d'innovaci\u00f3 social i pr\u00e0ctiques disruptives, i [...]<\/p><\/div><\/div><div class=\"fusion-clearfix\"><\/div><div class=\"fusion-meta-info\"><div class=\"fusion-alignleft\"><span class=\"vcard\" style=\"display: none;\"><span class=\"fn\"><a href=\"https:\/\/fundacioniftl.org\/ca\/author\/iftladmin2020\/\" title=\"Entrades de IFTLAdmin2020\" rel=\"author\">IFTLAdmin2020<\/a><\/span><\/span><span class=\"updated\" style=\"display:none;\">2021-02-23T17:39:50+00:00<\/span><span>febrer 23rd, 2021<\/span><span class=\"fusion-inline-sep\">|<\/span>Categories: <a href=\"https:\/\/fundacioniftl.org\/ca\/category\/sense-categoria\/\" rel=\"category tag\">Sense categoria<\/a><span class=\"fusion-inline-sep\">|<\/span><span class=\"meta-tags\">Tags: <a href=\"https:\/\/fundacioniftl.org\/ca\/tag\/vii-s2b-impact-forum-ca\/\" rel=\"tag\">VII S2B IMPACT FORUM<\/a><\/span><span class=\"fusion-inline-sep\">|<\/span><\/div><div class=\"fusion-alignright\"><a class=\"fusion-read-more\" href=\"https:\/\/fundacioniftl.org\/ca\/2021\/02\/23\/vii-s2b-impact-forum\/\" aria-label=\"More on VII S2B IMPACT FORUM\">Read More<\/a><\/div><\/div><\/article>\n<article id=\"blog-1-post-2830\" class=\"fusion-post-medium post-2830 post type-post status-publish format-standard has-post-thumbnail hentry category-sense-categoria tag-coes tag-iftl-institute-for-transformational-leadership-ca\">\n\t<style type=\"text\/css\">\n\t\t\n\t\t\n\t\t\n\t\t\n\t\t\t<\/style>\n\n\n\t\t\t<div class=\"fusion-flexslider flexslider fusion-flexslider-loading fusion-post-slideshow\" style=\"\">\n\t\t<ul class=\"slides\">\n\t\t\t\n\t\t\t\t\t\t\t\t\t\t\t\t\t\t<li><div  class=\"fusion-image-wrapper fusion-image-size-fixed\" aria-haspopup=\"true\">\n\t\t\t\t<img decoding=\"async\" width=\"320\" height=\"202\" src=\"https:\/\/fundacioniftl.org\/wp-content\/uploads\/2020\/10\/acoes-320x202.jpg\" class=\"attachment-blog-medium size-blog-medium lazyload wp-post-image\" alt=\"\" srcset=\"data:image\/svg+xml,%3Csvg%20xmlns%3D%27http%3A%2F%2Fwww.w3.org%2F2000%2Fsvg%27%20width%3D%271810%27%20height%3D%271268%27%20viewBox%3D%270%200%201810%201268%27%3E%3Crect%20width%3D%271810%27%20height%3D%271268%27%20fill-opacity%3D%220%22%2F%3E%3C%2Fsvg%3E\" data-orig-src=\"https:\/\/fundacioniftl.org\/wp-content\/uploads\/2020\/10\/acoes-320x202.jpg\" data-srcset=\"https:\/\/fundacioniftl.org\/wp-content\/uploads\/2020\/10\/acoes-320x202.jpg 320w, https:\/\/fundacioniftl.org\/wp-content\/uploads\/2020\/10\/acoes-700x441.jpg 700w\" data-sizes=\"auto\" \/><div class=\"fusion-rollover\">\n\t<div class=\"fusion-rollover-content\">\n\n\t\t\t\t\t\t\t\t\t\t\t\t\t\t<a class=\"fusion-rollover-link\" href=\"https:\/\/fundacioniftl.org\/ca\/2021\/02\/23\/memoria-acoes-2019\/\">MEM\u00d2RIA ACOES 2019<\/a>\n\t\t\t\n\t\t\t\t\t\t\t\t\n\t\t\n\t\t\t\t\t\t\t\t\t\t\t\t<h4 class=\"fusion-rollover-title\">\n\t\t\t\t\t<a class=\"fusion-rollover-title-link\" href=\"https:\/\/fundacioniftl.org\/ca\/2021\/02\/23\/memoria-acoes-2019\/\">\n\t\t\t\t\t\tMEM\u00d2RIA ACOES 2019\t\t\t\t\t<\/a>\n\t\t\t\t<\/h4>\n\t\t\t\n\t\t\t\t\t\t\t\t\t\t<div class=\"fusion-rollover-categories\"><a href=\"https:\/\/fundacioniftl.org\/ca\/category\/sense-categoria\/\" rel=\"tag\">Sense categoria<\/a><\/div>\t\t\t\t\t\n\t\t\n\t\t\t\t\t\t<a class=\"fusion-link-wrapper\" href=\"https:\/\/fundacioniftl.org\/ca\/2021\/02\/23\/memoria-acoes-2019\/\" aria-label=\"MEM\u00d2RIA ACOES 2019\"><\/a>\n\t<\/div>\n<\/div>\n<\/div>\n<\/li>\n\t\t\t\n\t\t\t\n\t\t\t\t\t\t\t\t\t\t\t\t\t\t\t\t\t\t\t\t\t\t\t\t\t\t\t\t\t\t\t\t\t\t\t\t\t\t\t\t\t\t\t\t\t\t\t\t\t\t\t\t\t\t\t\t\t\t\t\t\t\t\t\t\t\t\t\t<\/ul>\n\t<\/div>\n\t<div class=\"fusion-post-content post-content\"><h2 class=\"blog-shortcode-post-title entry-title\"><a href=\"https:\/\/fundacioniftl.org\/ca\/2021\/02\/23\/memoria-acoes-2019\/\">MEM\u00d2RIA ACOES 2019<\/a><\/h2><div class=\"fusion-post-content-container\"><p>MEM\u00d2RIA D'ACOES 2019  Associaci\u00f3 Col\u00b7laboraci\u00f3 i Esfor\u00e7 ACOES \u00e9s una ONG de desenvolupament, la finalitat del qual \u00e9s executar de forma no lucrativa, projectes d'ajuda humanit\u00e0ria per a la infantesa i per a la [...]<\/p><\/div><\/div><div class=\"fusion-clearfix\"><\/div><div class=\"fusion-meta-info\"><div class=\"fusion-alignleft\"><span class=\"vcard\" style=\"display: none;\"><span class=\"fn\"><a href=\"https:\/\/fundacioniftl.org\/ca\/author\/iftladmin2020\/\" title=\"Entrades de IFTLAdmin2020\" rel=\"author\">IFTLAdmin2020<\/a><\/span><\/span><span class=\"updated\" style=\"display:none;\">2021-02-23T17:36:58+00:00<\/span><span>febrer 23rd, 2021<\/span><span class=\"fusion-inline-sep\">|<\/span>Categories: <a href=\"https:\/\/fundacioniftl.org\/ca\/category\/sense-categoria\/\" rel=\"category tag\">Sense categoria<\/a><span class=\"fusion-inline-sep\">|<\/span><span class=\"meta-tags\">Tags: <a href=\"https:\/\/fundacioniftl.org\/ca\/tag\/coes\/\" rel=\"tag\">COES<\/a>, <a href=\"https:\/\/fundacioniftl.org\/ca\/tag\/iftl-institute-for-transformational-leadership-ca\/\" rel=\"tag\">IFTL - Institute for Transformational Leadership<\/a><\/span><span class=\"fusion-inline-sep\">|<\/span><\/div><div class=\"fusion-alignright\"><a class=\"fusion-read-more\" href=\"https:\/\/fundacioniftl.org\/ca\/2021\/02\/23\/memoria-acoes-2019\/\" aria-label=\"More on MEM\u00d2RIA ACOES 2019\">Read More<\/a><\/div><\/div><\/article>\n<\/div><\/div><\/div><\/div><\/div><\/div><div class=\"fusion-fullwidth fullwidth-box fusion-builder-row-4 fusion-flex-container fusion-parallax-none nonhundred-percent-fullwidth non-hundred-percent-height-scrolling lazyload\" style=\"--awb-border-radius-top-left:0px;--awb-border-radius-top-right:0px;--awb-border-radius-bottom-right:0px;--awb-border-radius-bottom-left:0px;--awb-margin-top:0px;--awb-margin-bottom:0px;--awb-background-color:rgba(255,255,255,0);--awb-background-size:cover;--awb-flex-wrap:wrap;\" data-bg=\"https:\/\/fundacioniftl.org\/wp-content\/uploads\/2017\/02\/mapa-slide-scaled.jpg\" ><div class=\"fusion-builder-row fusion-row fusion-flex-align-items-center fusion-flex-justify-content-center fusion-flex-content-wrap\" style=\"max-width:1216.8px;margin-left: calc(-4% \/ 2 );margin-right: calc(-4% \/ 2 );\"><div class=\"fusion-layout-column fusion_builder_column fusion-builder-column-3 fusion_builder_column_2_3 2_3 fusion-flex-column\" style=\"--awb-padding-top:80px;--awb-padding-bottom:80px;--awb-bg-size:cover;--awb-width-large:66.666666666667%;--awb-margin-top-large:0px;--awb-spacing-right-large:2.88%;--awb-margin-bottom-large:0px;--awb-spacing-left-large:2.88%;--awb-width-medium:100%;--awb-order-medium:0;--awb-spacing-right-medium:1.92%;--awb-spacing-left-medium:1.92%;--awb-width-small:100%;--awb-order-small:0;--awb-spacing-right-small:1.92%;--awb-spacing-left-small:1.92%;\"><div class=\"fusion-column-wrapper fusion-column-has-shadow fusion-flex-justify-content-flex-start fusion-content-layout-column\"><div class=\"fusion-text fusion-text-3\" style=\"--awb-font-size:50px;--awb-text-color:#ffffff;\"><p>Necessites m\u00e9s informaci\u00f3?<\/p>\n<\/div><div class=\"fusion-text fusion-text-4\" style=\"--awb-font-size:28px;--awb-line-height:35px;--awb-text-color:#ffffff;\"><p><em>\u201cContribuint a crear visions transformadores que impulsin el triple impacte\u201d.<\/em><\/p>\n<\/div><\/div><\/div><div class=\"fusion-layout-column fusion_builder_column fusion-builder-column-4 fusion_builder_column_1_3 1_3 fusion-flex-column\" style=\"--awb-bg-size:cover;--awb-width-large:33.333333333333%;--awb-margin-top-large:0px;--awb-spacing-right-large:5.76%;--awb-margin-bottom-large:0px;--awb-spacing-left-large:5.76%;--awb-width-medium:100%;--awb-order-medium:0;--awb-spacing-right-medium:1.92%;--awb-spacing-left-medium:1.92%;--awb-width-small:100%;--awb-order-small:0;--awb-spacing-right-small:1.92%;--awb-spacing-left-small:1.92%;\"><div class=\"fusion-column-wrapper fusion-column-has-shadow fusion-flex-justify-content-flex-start fusion-content-layout-column\"><div style=\"text-align:center;\"><a class=\"fusion-button button-flat fusion-button-default-size button-default fusion-button-default button-1 fusion-button-default-span fusion-button-default-type\" target=\"_self\" href=\"https:\/\/fundacioniftl.org\/contacte\/?lang=ca\"><span class=\"fusion-button-text awb-button__text awb-button__text--default\">CONTACTA AMB NOSALTRES<\/span><\/a><\/div><\/div><\/div><\/div><\/div><\/p>\n","protected":false},"excerpt":{"rendered":"","protected":false},"author":1,"featured_media":0,"parent":0,"menu_order":0,"comment_status":"closed","ping_status":"closed","template":"100-width.php","meta":{"footnotes":""},"class_list":["post-2626","page","type-page","status-publish","hentry"],"_links":{"self":[{"href":"https:\/\/fundacioniftl.org\/ca\/wp-json\/wp\/v2\/pages\/2626","targetHints":{"allow":["GET"]}}],"collection":[{"href":"https:\/\/fundacioniftl.org\/ca\/wp-json\/wp\/v2\/pages"}],"about":[{"href":"https:\/\/fundacioniftl.org\/ca\/wp-json\/wp\/v2\/types\/page"}],"author":[{"embeddable":true,"href":"https:\/\/fundacioniftl.org\/ca\/wp-json\/wp\/v2\/users\/1"}],"replies":[{"embeddable":true,"href":"https:\/\/fundacioniftl.org\/ca\/wp-json\/wp\/v2\/comments?post=2626"}],"version-history":[{"count":12,"href":"https:\/\/fundacioniftl.org\/ca\/wp-json\/wp\/v2\/pages\/2626\/revisions"}],"predecessor-version":[{"id":4205,"href":"https:\/\/fundacioniftl.org\/ca\/wp-json\/wp\/v2\/pages\/2626\/revisions\/4205"}],"wp:attachment":[{"href":"https:\/\/fundacioniftl.org\/ca\/wp-json\/wp\/v2\/media?parent=2626"}],"curies":[{"name":"wp","href":"https:\/\/api.w.org\/{rel}","templated":true}]}}